{"id":10,"date":"2020-11-14T16:00:58","date_gmt":"2020-11-14T15:00:58","guid":{"rendered":"http:\/\/mladikat.si\/birmanec\/?page_id=10"},"modified":"2023-10-23T16:27:25","modified_gmt":"2023-10-23T14:27:25","slug":"himna","status":"publish","type":"page","link":"https:\/\/mladikat.rkc.si\/birmanec\/birmanski-dan\/himna\/","title":{"rendered":"HIMNA: Lu\u010d, ki pri\u017eigala bo Lu\u010d"},"content":{"rendered":"<p><strong>Lu\u010d, ki pri\u017eigala bo Lu\u010d<\/strong><\/p>\n<p>Letos je lu\u010d sveta ugledala nova himna birmanskih dni.<\/p>\n<p>Besedilo in glasbo je napisala ga. Martina Je\u0161ovnik.<\/p>\n<audio class=\"wp-audio-shortcode\" id=\"audio-10-1\" preload=\"none\" style=\"width: 100%;\" controls=\"controls\"><source type=\"audio\/mpeg\" src=\"https:\/\/mladikat.si\/birmanec\/wp-content\/uploads\/2020\/11\/himna-Luc-ki-prizigala-bo-Luc.mp3?_=1\" \/><a href=\"https:\/\/mladikat.si\/birmanec\/wp-content\/uploads\/2020\/11\/himna-Luc-ki-prizigala-bo-Luc.mp3\">https:\/\/mladikat.si\/birmanec\/wp-content\/uploads\/2020\/11\/himna-Luc-ki-prizigala-bo-Luc.mp3<\/a><\/audio>\n<p><a href=\"https:\/\/mladikat.si\/birmanec\/wp-content\/uploads\/2020\/11\/himna-AKORDI-Luc-ki-prizigala-bo-Luc.pdf\" target=\"_blank\" rel=\"noopener noreferrer\"><strong>AKORDI >>><\/strong><\/a><br \/>\n<a href=\"https:\/\/mladikat.si\/birmanec\/wp-content\/uploads\/2020\/11\/himna-NOTE-Luc-ki-prizigala-bo-Luc.pdf\" target=\"_blank\" rel=\"noopener noreferrer\"><strong>NOTNI ZAPIS >>><\/strong><\/a><\/p>\n<p><strong>LU\u010c, KI PRI\u017dIGALA BO LU\u010c <\/strong><\/p>\n<p>Birma za\u010detek je nove poti,<br \/>\ntudi, \u010de komu druga\u010de se zdi,<br \/>\nje zakrament, ki dopolni v nas,<br \/>\nkar pri krstu smo prejeli.<\/p>\n<p>Bog zaznamuje, polo\u017ei v srce,<br \/>\nmo\u010d, ki premaga vsako gorj\u00e9,<br \/>\ndaje odslej nam nalogo, da bi<br \/>\n\u0161li, prav kamorkoli kli\u010de.<\/p>\n<p><em>Naj Duh me spremeni, da zares postanem<br \/>\nlu\u010d, ki pri\u017eigala bo Lu\u010d.<br \/>\nV \u017eivljenje tukaj in zdaj za svojo<br \/>\nTvojo voljo vzamem,<br \/>\nv ljubezni pri\u010dam, da zares si Bog.<\/em><\/p>\n<p>V\u010dasih ne more\u0161 dojeti, zakaj<br \/>\nozka in strma je cesta v raj;<br \/>\nje negotov vsak kristjana korak,<br \/>\nko gre po vodi.<\/p>\n<p>Vera je milost, ki da jo le Bog,<br \/>\nko do\u017eivi\u0161, da njegov si otrok<br \/>\nv tebi spoznanje goreti za\u010dne,<br \/>\nda On te ljubi. Odp.<\/p>\n<p><em>MOST<\/em><br \/>\nA kaj, ko podvomim, \u010de vse to je res,<br \/>\n\u010de res kje je Bog, ki me gleda iz nebes;<br \/>\npomaga takrat mi naj sedem darov,<br \/>\nspomin, da me spremlja Njegov blagoslov. Odp.<\/p>\n","protected":false},"excerpt":{"rendered":"<p>Lu\u010d, ki pri\u017eigala bo Lu\u010d Letos je lu\u010d sveta ugledala nova himna birmanskih dni. Besedilo in glasbo je napisala ga. Martina Je\u0161ovnik. AKORDI >>> NOTNI ZAPIS >>> LU\u010c, KI PRI\u017dIGALA BO LU\u010c Birma za\u010detek je nove poti, tudi, \u010de komu druga\u010de se zdi, je zakrament, ki dopolni v nas, kar pri krstu smo prejeli. Bog &hellip; <\/p>\n","protected":false},"author":1,"featured_media":0,"parent":12,"menu_order":0,"comment_status":"closed","ping_status":"closed","template":"","meta":{"footnotes":""},"class_list":["post-10","page","type-page","status-publish","hentry","latest_post"],"_links":{"self":[{"href":"https:\/\/mladikat.rkc.si\/birmanec\/wp-json\/wp\/v2\/pages\/10","targetHints":{"allow":["GET"]}}],"collection":[{"href":"https:\/\/mladikat.rkc.si\/birmanec\/wp-json\/wp\/v2\/pages"}],"about":[{"href":"https:\/\/mladikat.rkc.si\/birmanec\/wp-json\/wp\/v2\/types\/page"}],"author":[{"embeddable":true,"href":"https:\/\/mladikat.rkc.si\/birmanec\/wp-json\/wp\/v2\/users\/1"}],"replies":[{"embeddable":true,"href":"https:\/\/mladikat.rkc.si\/birmanec\/wp-json\/wp\/v2\/comments?post=10"}],"version-history":[{"count":14,"href":"https:\/\/mladikat.rkc.si\/birmanec\/wp-json\/wp\/v2\/pages\/10\/revisions"}],"predecessor-version":[{"id":337,"href":"https:\/\/mladikat.rkc.si\/birmanec\/wp-json\/wp\/v2\/pages\/10\/revisions\/337"}],"up":[{"embeddable":true,"href":"https:\/\/mladikat.rkc.si\/birmanec\/wp-json\/wp\/v2\/pages\/12"}],"wp:attachment":[{"href":"https:\/\/mladikat.rkc.si\/birmanec\/wp-json\/wp\/v2\/media?parent=10"}],"curies":[{"name":"wp","href":"https:\/\/api.w.org\/{rel}","templated":true}]}}