{"id":12,"date":"2019-09-15T15:44:58","date_gmt":"2019-09-15T13:44:58","guid":{"rendered":"http:\/\/mladikat.si\/birmanec\/?page_id=12"},"modified":"2023-11-28T11:28:30","modified_gmt":"2023-11-28T10:28:30","slug":"birmanski-dan","status":"publish","type":"page","link":"https:\/\/mladikat.rkc.si\/birmanec\/birmanski-dan\/","title":{"rendered":"BIRMANSKI DAN 2023"},"content":{"rendered":"<p><img loading=\"lazy\" decoding=\"async\" src=\"http:\/\/mladikat.si\/birmanec\/wp-content\/uploads\/2019\/09\/birmanec-si-177x300.jpg\" alt=\"\" width=\"177\" height=\"300\" class=\"alignright size-medium wp-image-14\" \/>Sre\u010danje birmancev iz <a href=\"http:\/\/www.nadskofija-maribor.si\" target=\"_blank\" rel=\"noopener noreferrer\">nad\u0161kofije Maribor<\/a> bo potekalo v <strong>soboto, 25. novembra 2023<\/strong>.<\/p>\n<p><strong>PROGRAM<\/strong><br \/>\n<strong>9.00<\/strong>\tSprejem birmanskih skupin, fotografiranje<br \/>\n<strong>9.30<\/strong>\tGlasba in pozdravi<br \/>\n<strong>10.10<\/strong>\tPriprava na sveto ma\u0161o<br \/>\n<strong>10.30<\/strong>\tSveta ma\u0161a<br \/>\n<strong>11.30<\/strong>\tMalica iz nahrbtnika<br \/>\n<strong>12.15<\/strong>\tZbiranje v \u0161portni dvorani in delitev v delavnice<br \/>\n<strong>12.30<\/strong>\tPrvi krog delavnic<br \/>\n<strong>13.15<\/strong>\tRazporeditev v drugi krog delavnic<br \/>\n<strong>13.30<\/strong>\tDrugi krog delavnic<br \/>\n<strong>14.15<\/strong> \tZbiranje v \u0161portni dvorani<br \/>\n<strong>14.30<\/strong>\tZahvala nad\u0161kofa in blagoslov ter odhod domov<\/p>\n<hr>\n<p><a href=\"https:\/\/mladikat.si\/birmanec\/?page_id=94\"><strong>PRIJAVE >>><\/strong><\/a><\/p>\n<p><a href=\"https:\/\/mladikat.si\/birmanec\/?page_id=409\">KATEHEZA Lu\u010d, ki pri\u017eiga lu\u010d >>><\/a><\/p>\n<p><a href=\"https:\/\/mladikat.si\/birmanec\/?page_id=64\">DELAVNICE >>><\/a><\/p>\n<p><a href=\"https:\/\/mladikat.si\/birmanec\/?page_id=52\">PESMI >>><\/a><\/p>\n<p><a href=\"https:\/\/mladikat.si\/birmanec\/?page_id=10\">HIMNA >>><\/a><\/p>\n<p><a href=\"https:\/\/mladikat.si\/birmanec\/?page_id=215\">SOGLASJE >>><\/a><\/p>\n<hr>\n<p>Prispevek za sre\u010danje je 8\u20ac.<\/p>\n<hr>\n<p><a href=\"https:\/\/www.facebook.com\/vaticannews.sl\/posts\/pfbid02fpWz56mnNDQcnnS8RCqxhThDepNf7PZWpTfKJ18mKPe3guehqJ5XTbFYn59Fgtxjl\" rel=\"noopener\" target=\"_blank\">Fotografije &#8211; Uvodni del >>><\/a><\/p>\n<p><a href=\"https:\/\/www.facebook.com\/vaticannews.sl\/posts\/pfbid0xkY3iiFPhLfFuaEszED1P7K8xFVPhRFQSRrraK8kEVd9X9iUsuSTcMqZCmPF5tKdl\" rel=\"noopener\" target=\"_blank\">Fotografije &#8211; Sveta ma\u0161a >>><\/a><\/p>\n<p><a href=\"https:\/\/www.facebook.com\/vaticannews.sl\/posts\/pfbid0SmFoB2LgUvUU49M3RV7BR19zuvoTvpUP24fbF3atN6RhiLKNRhXDZvz7SsFPy3Uml\" rel=\"noopener\" target=\"_blank\">Fotografije &#8211; Prvi krog delavnic >>><\/a><\/p>\n<p><a href=\"https:\/\/www.facebook.com\/vaticannews.sl\/posts\/pfbid0jvbbVNdjUtRNoPz6LRp2RmAAgvys17vfdsXGdWdZVV3LR2FBnWiZRERkB6FuJUgXl\" rel=\"noopener\" target=\"_blank\">Fotografije &#8211; Drugi krog delavnic in sklep >>><\/a><\/p>\n","protected":false},"excerpt":{"rendered":"<p>Sre\u010danje birmancev iz nad\u0161kofije Maribor bo potekalo v soboto, 25. novembra 2023. PROGRAM 9.00 Sprejem birmanskih skupin, fotografiranje 9.30 Glasba in pozdravi 10.10 Priprava na sveto ma\u0161o 10.30 Sveta ma\u0161a 11.30 Malica iz nahrbtnika 12.15 Zbiranje v \u0161portni dvorani in delitev v delavnice 12.30 Prvi krog delavnic 13.15 Razporeditev v drugi krog delavnic 13.30 Drugi &hellip; <\/p>\n","protected":false},"author":1,"featured_media":0,"parent":0,"menu_order":0,"comment_status":"closed","ping_status":"closed","template":"","meta":{"footnotes":""},"class_list":["post-12","page","type-page","status-publish","hentry","latest_post"],"_links":{"self":[{"href":"https:\/\/mladikat.rkc.si\/birmanec\/wp-json\/wp\/v2\/pages\/12","targetHints":{"allow":["GET"]}}],"collection":[{"href":"https:\/\/mladikat.rkc.si\/birmanec\/wp-json\/wp\/v2\/pages"}],"about":[{"href":"https:\/\/mladikat.rkc.si\/birmanec\/wp-json\/wp\/v2\/types\/page"}],"author":[{"embeddable":true,"href":"https:\/\/mladikat.rkc.si\/birmanec\/wp-json\/wp\/v2\/users\/1"}],"replies":[{"embeddable":true,"href":"https:\/\/mladikat.rkc.si\/birmanec\/wp-json\/wp\/v2\/comments?post=12"}],"version-history":[{"count":35,"href":"https:\/\/mladikat.rkc.si\/birmanec\/wp-json\/wp\/v2\/pages\/12\/revisions"}],"predecessor-version":[{"id":688,"href":"https:\/\/mladikat.rkc.si\/birmanec\/wp-json\/wp\/v2\/pages\/12\/revisions\/688"}],"wp:attachment":[{"href":"https:\/\/mladikat.rkc.si\/birmanec\/wp-json\/wp\/v2\/media?parent=12"}],"curies":[{"name":"wp","href":"https:\/\/api.w.org\/{rel}","templated":true}]}}