{"id":186,"date":"2019-12-08T10:16:04","date_gmt":"2019-12-08T09:16:04","guid":{"rendered":"http:\/\/mladikat.si\/birmanec\/?page_id=186"},"modified":"2019-12-09T10:32:40","modified_gmt":"2019-12-09T09:32:40","slug":"jaslice","status":"publish","type":"page","link":"https:\/\/mladikat.rkc.si\/birmanec\/jaslice\/","title":{"rendered":"JASLICE"},"content":{"rendered":"<p><em>Razpis za jaslice v prostorih nad\u0161kofije<\/em><\/p>\n<p>Jaslice imajo v kr\u0161\u010danskem okolju ve\u010dstoletno tradicijo in nam pomagajo, da preko konkretnih podob, figur in prostorske umestitve do\u017eivimo, zaslutimo duhovno sporo\u010dilo Kristusovega u\u010dlove\u010denja.<\/p>\n<p>Birmanci ste v pripravi na bo\u017ei\u010dne praznike povabljeni, da pripravite birmanske jaslice. V vsaki birmanski skupini imate veliko talentov in darov, povabljeni ste, da jih zdru\u017eite in tako ustvarite va\u0161e jaslice. Vsak birmanec je povabljen, da sodeluje s svojim prispevkom (talentom, sposobnostjo, znanjem, spretnostjo).<\/p>\n<p>Birmanske jaslice naj vsebinsko izra\u017eajo smisel Jezusovega u\u010dlove\u010denja. Poglejte evangeljske odlomke, ki se navezujejo na sam praznik in jih upodobite \u2013 sami lahko izberete poudarek, ki se vam zdi pomemben ali vam je blizu.<\/p>\n<p>Pri izdelavi jaslic niste omejeni z materialom. Omejeni ste le z velikostjo, ki je maksimalno 1m v dol\u017eino in 1m v \u0161irino.<\/p>\n<p>Pri izdelavi jaslic bodite pozorni na samo oblikovanje \u00bbprizori\u0161\u010da\u00ab in na izbiro materialov, saj \u017ee razli\u010dne vrste, teksture, lastnosti posameznih materialov marsikaj sporo\u010dajo. Pri izdelavi figur posku\u0161ajte najti tako likovno govorico, ki bo dala \u010dim bolj zgovoren zunanji izraz temeljnemu sporo\u010dilu va\u0161ih jaslic. Pozorni bodite tudi na celostno podobo, estetski videz ter skladnost vsebinskih in oblikovnih elementov.<\/p>\n<p>Jaslice lahko sestavite pri birmanski uri ali v prostem \u010dasu.<\/p>\n<p>Izdelane jaslice do 15. 12. 2019 fotografirajte ali posnemite. Ob sliki jih tudi razlo\u017eite z besedilom v wordovem dokumentu. Pomembno je sporo\u010dilo, ki ga podajajo jaslice. Vse dokumente po\u0161ljite na <a href=\"mailto:fani.pecar@rkc.si\" rel=\"noopener noreferrer\" target=\"_blank\">fani.pecar@rkc.si<\/a>.<\/p>\n<p>Do 19. 12. 2019 bo razpisna komisija skupaj z g. nad\u0161kofom Alojzijem izbrala najbolj\u0161e jaslice ter sodelujo\u010de povabila, da svoje jaslice postavijo v baziliki Matere usmiljenja v Mariboru (fran\u010di\u0161kani), zmagovalne pa v prostorih nad\u0161kofije. Kdaj bo otvoritev razstave jaslic, bo sporo\u010deno naknadno.<\/p>\n<p>Blagoslovljen adventni \u010das, naj vam tudi sre\u010devanje ob izdelavi jaslic poglobi pripravo na praznik Jezusovega rojstva.<\/p>\n<p><em>nad\u0161kof Alojzij Cvikl in ekipa Birmanec.si<\/em><\/p>\n<p>Maribor, 8. december 2019<\/p>\n<p>Poglej <a href=\"http:\/\/mladikat.si\/birmanec\/wp-content\/uploads\/2019\/12\/Razpis-jaslice-2019.pdf\" target=\"_blank\" rel=\"noopener noreferrer\"><strong>Razpis v PDF obliki >>><\/strong><\/a><\/p>\n<hr>\n<p>Poglej tudi <a href=\"https:\/\/www.vaticannews.va\/sl\/papez\/news\/2019-12\/apostolsko-pismo-admirabile-signum-o-pomenu-in-vrednosti-jaslic.html\" rel=\"noopener noreferrer\" target=\"_blank\"><strong>Pismo pape\u017ea Fran\u010di\u0161ka o pomenu in vrednosti jaslic >>><\/strong><\/a><\/p>\n","protected":false},"excerpt":{"rendered":"<p>Razpis za jaslice v prostorih nad\u0161kofije Jaslice imajo v kr\u0161\u010danskem okolju ve\u010dstoletno tradicijo in nam pomagajo, da preko konkretnih podob, figur in prostorske umestitve do\u017eivimo, zaslutimo duhovno sporo\u010dilo Kristusovega u\u010dlove\u010denja. Birmanci ste v pripravi na bo\u017ei\u010dne praznike povabljeni, da pripravite birmanske jaslice. V vsaki birmanski skupini imate veliko talentov in darov, povabljeni ste, da jih &hellip; <\/p>\n","protected":false},"author":1,"featured_media":187,"parent":0,"menu_order":0,"comment_status":"closed","ping_status":"closed","template":"","meta":{"footnotes":""},"class_list":["post-186","page","type-page","status-publish","has-post-thumbnail","hentry","latest_post"],"_links":{"self":[{"href":"https:\/\/mladikat.rkc.si\/birmanec\/wp-json\/wp\/v2\/pages\/186","targetHints":{"allow":["GET"]}}],"collection":[{"href":"https:\/\/mladikat.rkc.si\/birmanec\/wp-json\/wp\/v2\/pages"}],"about":[{"href":"https:\/\/mladikat.rkc.si\/birmanec\/wp-json\/wp\/v2\/types\/page"}],"author":[{"embeddable":true,"href":"https:\/\/mladikat.rkc.si\/birmanec\/wp-json\/wp\/v2\/users\/1"}],"replies":[{"embeddable":true,"href":"https:\/\/mladikat.rkc.si\/birmanec\/wp-json\/wp\/v2\/comments?post=186"}],"version-history":[{"count":1,"href":"https:\/\/mladikat.rkc.si\/birmanec\/wp-json\/wp\/v2\/pages\/186\/revisions"}],"predecessor-version":[{"id":189,"href":"https:\/\/mladikat.rkc.si\/birmanec\/wp-json\/wp\/v2\/pages\/186\/revisions\/189"}],"wp:featuredmedia":[{"embeddable":true,"href":"https:\/\/mladikat.rkc.si\/birmanec\/wp-json\/wp\/v2\/media\/187"}],"wp:attachment":[{"href":"https:\/\/mladikat.rkc.si\/birmanec\/wp-json\/wp\/v2\/media?parent=186"}],"curies":[{"name":"wp","href":"https:\/\/api.w.org\/{rel}","templated":true}]}}