{"id":409,"date":"2021-02-19T21:53:34","date_gmt":"2021-02-19T20:53:34","guid":{"rendered":"https:\/\/mladikat.si\/birmanec\/?page_id=409"},"modified":"2021-02-19T21:57:16","modified_gmt":"2021-02-19T20:57:16","slug":"luc-ki-priziga-luc","status":"publish","type":"page","link":"https:\/\/mladikat.rkc.si\/birmanec\/kateheze\/luc-ki-priziga-luc\/","title":{"rendered":"Lu\u010d, ki pri\u017eiga lu\u010d"},"content":{"rendered":"<p><img loading=\"lazy\" decoding=\"async\" src=\"https:\/\/mladikat.si\/birmanec\/wp-content\/uploads\/2019\/09\/birmanec-si-177x300.jpg\" alt=\"\" width=\"177\" height=\"300\" class=\"alignright size-medium wp-image-14\" \/><strong>Lu\u010d, ki pri\u017eiga lu\u010d<\/strong><br \/>\nZa dobro pripravo na sre\u010danje birmancev iz MB nad\u0161kofije smo za vas pripravili tudi posebno katehezo.<br \/>\nPoglejte in natisnite <a href=\"http:\/\/mladikat.si\/birmanec\/wp-content\/uploads\/2019\/09\/01-Kateheza_Luc_ki_priziga_luc.pdf\" target=\"_blank\" rel=\"noopener noreferrer\"><strong>KATEHEZO LU\u010c, KI PRI\u017dIGA LU\u010c&gt;&gt;&gt;<\/strong><\/a> (v PDF).<\/p>\n<p><strong>Cilji:<\/strong><br \/>\n&#8211; do\u017eivljajski: Birmanci se veselijo skupnosti, obdarjenosti.<br \/>\n&#8211; spoznavni: Birmanci odkrijejo pomen darov znotraj skupnosti in pomen medsebojne motivacije.<br \/>\n&#8211; dejavnostni: Birmanci pripravijo motiv\/simbol za birmansko sve\u010do, ki jih predstavlja.<\/p>\n","protected":false},"excerpt":{"rendered":"<p>Lu\u010d, ki pri\u017eiga lu\u010d Za dobro pripravo na sre\u010danje birmancev iz MB nad\u0161kofije smo za vas pripravili tudi posebno katehezo. Poglejte in natisnite KATEHEZO LU\u010c, KI PRI\u017dIGA LU\u010c&gt;&gt;&gt; (v PDF). Cilji: &#8211; do\u017eivljajski: Birmanci se veselijo skupnosti, obdarjenosti. &#8211; spoznavni: Birmanci odkrijejo pomen darov znotraj skupnosti in pomen medsebojne motivacije. &#8211; dejavnostni: Birmanci pripravijo motiv\/simbol &hellip; <\/p>\n","protected":false},"author":1,"featured_media":0,"parent":49,"menu_order":0,"comment_status":"closed","ping_status":"closed","template":"","meta":{"footnotes":""},"class_list":["post-409","page","type-page","status-publish","hentry","latest_post"],"_links":{"self":[{"href":"https:\/\/mladikat.rkc.si\/birmanec\/wp-json\/wp\/v2\/pages\/409","targetHints":{"allow":["GET"]}}],"collection":[{"href":"https:\/\/mladikat.rkc.si\/birmanec\/wp-json\/wp\/v2\/pages"}],"about":[{"href":"https:\/\/mladikat.rkc.si\/birmanec\/wp-json\/wp\/v2\/types\/page"}],"author":[{"embeddable":true,"href":"https:\/\/mladikat.rkc.si\/birmanec\/wp-json\/wp\/v2\/users\/1"}],"replies":[{"embeddable":true,"href":"https:\/\/mladikat.rkc.si\/birmanec\/wp-json\/wp\/v2\/comments?post=409"}],"version-history":[{"count":2,"href":"https:\/\/mladikat.rkc.si\/birmanec\/wp-json\/wp\/v2\/pages\/409\/revisions"}],"predecessor-version":[{"id":411,"href":"https:\/\/mladikat.rkc.si\/birmanec\/wp-json\/wp\/v2\/pages\/409\/revisions\/411"}],"up":[{"embeddable":true,"href":"https:\/\/mladikat.rkc.si\/birmanec\/wp-json\/wp\/v2\/pages\/49"}],"wp:attachment":[{"href":"https:\/\/mladikat.rkc.si\/birmanec\/wp-json\/wp\/v2\/media?parent=409"}],"curies":[{"name":"wp","href":"https:\/\/api.w.org\/{rel}","templated":true}]}}