{"id":481,"date":"2021-10-11T22:36:28","date_gmt":"2021-10-11T20:36:28","guid":{"rendered":"https:\/\/mladikat.si\/birmanec\/?page_id=481"},"modified":"2021-10-11T23:18:59","modified_gmt":"2021-10-11T21:18:59","slug":"duhovni-vikend","status":"publish","type":"page","link":"https:\/\/mladikat.rkc.si\/birmanec\/duhovni-vikend\/","title":{"rendered":"Duhovni vikend"},"content":{"rendered":"<p>V pripravi na prejem zakramenta sv. birme je dobrodo\u0161el tudi duhovni vikend, ki ga lahko organizirate in pripravite sami ali pa izberete enega izmed predlaganih na\u010dinov:<\/p>\n<hr>\n<p>A) <strong>Duhovni vikend v DOMU DUHOVNIH VAJ<\/strong> <a href=\"https:\/\/goo.gl\/maps\/ch6um8Yvc61NY76j8\" rel=\"noopener\" target=\"_blank\">v Podlehniku (Sv. Trojica v Halozah)<\/a>,<br \/>\nkamor v petek popoldne pripeljete svoje pripravnike za birmo, v nedeljo po kosilu pa jih pridete iskat.<br \/>\n<strong>PRIJAVE >>><\/strong><\/p>\n<hr>\n<p>B) <strong>Duhovni vikend NA TERENU<\/strong>,<br \/>\nkar pomeni, da pride skupina animatorjev (do \u0161tiri animatorji) z duhovnikom na \u017eupnijo in na \u017eupniji izvedejo duhovne vaje, ki trajajo od petka popoldne do nedelje dopoldne. Kandidati za birmo v tem primeru pridejo na program v \u017eupnijo in hodijo spat domov. \u017dupnija, ki se odlo\u010di za tovrstno obliko duhovnih vaj, priskrbi prostor in malico (kosilo) za otroke. Vse ostalo je v izvedbi skupine animatorjev. Prispevek po dogovoru.<br \/>\nProgram duhovnih vaj se pri\u010dne v petek popoldne ob 16.00 in traja do 20.00. Nadaljuje se v soboto ob 9.00 in ponovno traja do 20.00. Nedeljski program se pri\u010dne ob 8.00 in se zaklju\u010di z \u017eupnijsko sveto ma\u0161o, pri kateri kandidati tudi sodelujejo.<br \/>\n<a href=\"https:\/\/docs.google.com\/forms\/d\/e\/1FAIpQLSePG4ewQ8M8F1ldugRZ_soC01_neXXj68NdhfOcprXC2ktlrw\/viewform\" rel=\"noopener\" target=\"_blank\"><strong>PRIJAVE >>><\/strong><\/a><\/p>\n<hr>\n","protected":false},"excerpt":{"rendered":"<p>V pripravi na prejem zakramenta sv. birme je dobrodo\u0161el tudi duhovni vikend, ki ga lahko organizirate in pripravite sami ali pa izberete enega izmed predlaganih na\u010dinov: A) Duhovni vikend v DOMU DUHOVNIH VAJ v Podlehniku (Sv. Trojica v Halozah), kamor v petek popoldne pripeljete svoje pripravnike za birmo, v nedeljo po kosilu pa jih pridete &hellip; <\/p>\n","protected":false},"author":1,"featured_media":14,"parent":0,"menu_order":0,"comment_status":"closed","ping_status":"closed","template":"","meta":{"footnotes":""},"class_list":["post-481","page","type-page","status-publish","has-post-thumbnail","hentry","latest_post"],"_links":{"self":[{"href":"https:\/\/mladikat.rkc.si\/birmanec\/wp-json\/wp\/v2\/pages\/481","targetHints":{"allow":["GET"]}}],"collection":[{"href":"https:\/\/mladikat.rkc.si\/birmanec\/wp-json\/wp\/v2\/pages"}],"about":[{"href":"https:\/\/mladikat.rkc.si\/birmanec\/wp-json\/wp\/v2\/types\/page"}],"author":[{"embeddable":true,"href":"https:\/\/mladikat.rkc.si\/birmanec\/wp-json\/wp\/v2\/users\/1"}],"replies":[{"embeddable":true,"href":"https:\/\/mladikat.rkc.si\/birmanec\/wp-json\/wp\/v2\/comments?post=481"}],"version-history":[{"count":8,"href":"https:\/\/mladikat.rkc.si\/birmanec\/wp-json\/wp\/v2\/pages\/481\/revisions"}],"predecessor-version":[{"id":489,"href":"https:\/\/mladikat.rkc.si\/birmanec\/wp-json\/wp\/v2\/pages\/481\/revisions\/489"}],"wp:featuredmedia":[{"embeddable":true,"href":"https:\/\/mladikat.rkc.si\/birmanec\/wp-json\/wp\/v2\/media\/14"}],"wp:attachment":[{"href":"https:\/\/mladikat.rkc.si\/birmanec\/wp-json\/wp\/v2\/media?parent=481"}],"curies":[{"name":"wp","href":"https:\/\/api.w.org\/{rel}","templated":true}]}}