{"id":49,"date":"2019-09-15T16:33:07","date_gmt":"2019-09-15T14:33:07","guid":{"rendered":"http:\/\/mladikat.si\/birmanec\/?page_id=49"},"modified":"2023-08-31T16:41:09","modified_gmt":"2023-08-31T14:41:09","slug":"kateheze","status":"publish","type":"page","link":"https:\/\/mladikat.rkc.si\/birmanec\/kateheze\/","title":{"rendered":"KATEHEZE"},"content":{"rendered":"<p><img loading=\"lazy\" decoding=\"async\" class=\"alignright size-medium wp-image-14\" src=\"http:\/\/mladikat.si\/birmanec\/wp-content\/uploads\/2019\/09\/birmanec-si-177x300.jpg\" alt=\"\" width=\"177\" height=\"300\" \/><br \/>\n<strong>KATEHEZE na BIRMANEC.si<\/strong><\/p>\n<hr>\n<p><a href=\"https:\/\/mladikat.si\/birmanec\/?page_id=409\"><strong>Lu\u010d, ki pri\u017eiga lu\u010d >>><\/strong><\/a><br \/>\nZa dobro pripravo na sre\u010danje birmancev iz MB nad\u0161kofije.<\/p>\n<hr>\n<p><a href=\"https:\/\/mladikat.si\/birmanec\/?page_id=357\"><strong>Kako se pripraviti na bo\u017ei\u010d? >>><\/strong><\/a><br \/>\nPriprava na bo\u017ei\u010dno praznovanje.<\/p>\n<hr>\n<p><a href=\"https:\/\/mladikat.si\/birmanec\/?page_id=412\"><strong>Sveto pismo >>><\/strong><\/a><br \/>\nOb nedelji Bo\u017eje besede.<\/p>\n<hr>\n<p><a href=\"https:\/\/mladikat.si\/birmanec\/?page_id=414\"><strong>Kri\u017eev pot >>><\/strong><\/a><br \/>\nZa postni \u010das.<\/p>\n<hr>\n<p><a href=\"https:\/\/mladikat.si\/birmanec\/wp-content\/uploads\/2020\/04\/Kateheza-Evharistija.pdf\" rel=\"noopener\" target=\"_blank\"><strong>Evharistija >>><\/strong><\/a><br \/>\nO zakramentu sv. evharistije (sv. ma\u0161e).<\/p>\n<hr>\n<p><a href=\"https:\/\/mladikat.si\/birmanec\/wp-content\/uploads\/2020\/04\/Kateheza-Prakticni-kristjani.pdf\" rel=\"noopener\" target=\"_blank\"><strong>Prakti\u010dni kristjani >>><\/strong><\/a><br \/>\nKako biti kristjan danes.<\/p>\n<hr>\n<p><a href=\"https:\/\/mladikat.si\/birmanec\/?page_id=343\"><strong>Zakaj biti kristjan? >>><\/strong><\/a><br \/>\nZakaj v dana\u0161njem \u010dasu biti kristjan?<\/p>\n<hr>\n<p><a href=\"https:\/\/mladikat.si\/birmanec\/?page_id=340\"><strong>Zakaj k sveti birmi? >>><\/strong><\/a><br \/>\nKaj imam od tega, da grem k sveti birmi?<\/p>\n<hr>\n<p><a href=\"https:\/\/mladikat.si\/birmanec\/wp-content\/uploads\/2020\/04\/Kateheza-V-bliznji-pripravi-na-birmo.pdf\" rel=\"noopener\" target=\"_blank\"><strong>Bli\u017enja priprava na sv. birmo >>><\/strong><\/a><br \/>\nKaj je \u0161e treba narediti pred sv. birmo.<\/p>\n<hr>\n<p><a href=\"http:\/\/www.videmcan.si\/images\/verouk\/korona\/5_KAJ_PRICAKOVATI_KO_PRICAKUJES_BIRMO.pdf\" rel=\"noopener\" target=\"_blank\"><strong>KAJ PRI\u010cAKOVATI, KO PRI\u010cAKUJE\u0160 BIRMO >>><\/strong><\/a><br \/>\nGovori o darovih Svetega Duha.<br \/>\n<a href=\"https:\/\/youtu.be\/KGw1HPrP8Bg\" rel=\"noopener noreferrer\" target=\"_blank\">Video ura >>><\/a><\/p>\n<hr>\n<p><a href=\"https:\/\/mladikat.si\/birmanec\/wp-content\/uploads\/2020\/04\/Ponavljanje-10-zapovedi.pdf\" rel=\"noopener\" target=\"_blank\"><strong>10 BO\u017dJIH ZAPOVEDI >>><\/strong><\/a><br \/>\nO 10 bo\u017ejih zapovedih.<\/p>\n<hr>\n<p><strong>LITURGI\u010cNO\/CERKVENO LETO:<\/strong><br \/>\n<a href=\"https:\/\/kateheza.nadskofija-maribor.si\/wp-content\/uploads\/2018\/11\/liturgicno-leto-1.pdf\" rel=\"noopener noreferrer\" target=\"_blank\">Kri\u017eanka &#8211; liturgi\u010dno leto<\/a><br \/>\n<a href=\"https:\/\/kateheza.nadskofija-maribor.si\/wp-content\/uploads\/2017\/12\/advent-kri%C5%BEanka.pdf\" rel=\"noopener noreferrer\" target=\"_blank\">Kri\u017eanka &#8211; advent<\/a><br \/>\n<a href=\"https:\/\/kateheza.nadskofija-maribor.si\/wp-content\/uploads\/2018\/01\/bo%C5%BEi%C4%8Dni-%C4%8Das.pdf\" rel=\"noopener noreferrer\" target=\"_blank\">Kri\u017eanka, delovni list &#8211; bo\u017ei\u010d<\/a><br \/>\n<a href=\"https:\/\/kateheza.nadskofija-maribor.si\/wp-content\/uploads\/2018\/02\/POSTNI-%C4%8CAS-KRI%C5%BDANKA.pdf\" rel=\"noopener noreferrer\" target=\"_blank\">Kri\u017eanka &#8211; postni \u010das<\/a><br \/>\n<a href=\"https:\/\/kateheza.nadskofija-maribor.si\/wp-content\/uploads\/2018\/04\/veliki-teden-velika-no%C4%8D-preverjanje.pdf\" rel=\"noopener noreferrer\" target=\"_blank\">Delovni list &#8211; veliki teden, velika no\u010d<\/a><br \/>\n<a href=\"https:\/\/quizizz.com\/join\/quiz\/5e84ebbca164b9001ba86d66\/start?referrer=5e70bddd5b9a06001c32b195\" rel=\"noopener noreferrer\" target=\"_blank\">Spletni kviz &#8211; veliki teden<\/a><\/p>\n","protected":false},"excerpt":{"rendered":"<p>KATEHEZE na BIRMANEC.si Lu\u010d, ki pri\u017eiga lu\u010d >>> Za dobro pripravo na sre\u010danje birmancev iz MB nad\u0161kofije. Kako se pripraviti na bo\u017ei\u010d? >>> Priprava na bo\u017ei\u010dno praznovanje. Sveto pismo >>> Ob nedelji Bo\u017eje besede. Kri\u017eev pot >>> Za postni \u010das. Evharistija >>> O zakramentu sv. evharistije (sv. ma\u0161e). Prakti\u010dni kristjani >>> Kako biti kristjan danes. &hellip; <\/p>\n","protected":false},"author":1,"featured_media":0,"parent":0,"menu_order":0,"comment_status":"closed","ping_status":"closed","template":"","meta":{"footnotes":""},"class_list":["post-49","page","type-page","status-publish","hentry","latest_post"],"_links":{"self":[{"href":"https:\/\/mladikat.rkc.si\/birmanec\/wp-json\/wp\/v2\/pages\/49","targetHints":{"allow":["GET"]}}],"collection":[{"href":"https:\/\/mladikat.rkc.si\/birmanec\/wp-json\/wp\/v2\/pages"}],"about":[{"href":"https:\/\/mladikat.rkc.si\/birmanec\/wp-json\/wp\/v2\/types\/page"}],"author":[{"embeddable":true,"href":"https:\/\/mladikat.rkc.si\/birmanec\/wp-json\/wp\/v2\/users\/1"}],"replies":[{"embeddable":true,"href":"https:\/\/mladikat.rkc.si\/birmanec\/wp-json\/wp\/v2\/comments?post=49"}],"version-history":[{"count":13,"href":"https:\/\/mladikat.rkc.si\/birmanec\/wp-json\/wp\/v2\/pages\/49\/revisions"}],"predecessor-version":[{"id":438,"href":"https:\/\/mladikat.rkc.si\/birmanec\/wp-json\/wp\/v2\/pages\/49\/revisions\/438"}],"wp:attachment":[{"href":"https:\/\/mladikat.rkc.si\/birmanec\/wp-json\/wp\/v2\/media?parent=49"}],"curies":[{"name":"wp","href":"https:\/\/api.w.org\/{rel}","templated":true}]}}