{"id":52,"date":"2019-09-15T16:45:56","date_gmt":"2019-09-15T14:45:56","guid":{"rendered":"http:\/\/mladikat.si\/birmanec\/?page_id=52"},"modified":"2023-11-21T16:51:03","modified_gmt":"2023-11-21T15:51:03","slug":"pesmi","status":"publish","type":"page","link":"https:\/\/mladikat.rkc.si\/birmanec\/birmanski-dan\/pesmi\/","title":{"rendered":"Pesmi"},"content":{"rendered":"<p><img loading=\"lazy\" decoding=\"async\" class=\"alignright size-medium wp-image-14\" src=\"http:\/\/mladikat.si\/birmanec\/wp-content\/uploads\/2019\/09\/birmanec-si-177x300.jpg\" alt=\"\" width=\"177\" height=\"300\" \/><strong>PESMI na Birmanec.si 2023<\/strong><\/p>\n<p><strong>Pri sv. ma\u0161i bomo peli:<\/strong><br \/>\nVSTOP:\u00a0<a href=\"https:\/\/www.youtube.com\/watch?v=L_kES_dTAjg&amp;ab_channel=simonacernetic\" target=\"_blank\" rel=\"noopener\">Jezus se ob morju ustavi<\/a><br \/>\nGOSPOD, USMILI SE<br \/>\nPSALM: <a href=\"https:\/\/www.youtube.com\/watch?v=9MCAHJNae1w&amp;ab_channel=Svetopisemskadru%C5%BEbaSlovenije\" target=\"_blank\" rel=\"noopener\">Upaj (Ps 27)<\/a><br \/>\nALELUJA:\u00a0<a href=\"https:\/\/www.youtube.com\/watch?v=9O-53oLU4W4&amp;ab_channel=TvojGlas\" target=\"_blank\" rel=\"noopener\">Jezus Kristus je na\u0161 Re\u0161enik<\/a><br \/>\nDAROVANJE:\u00a0<a href=\"https:\/\/www.youtube.com\/watch?v=RwNY4Qk1uq8\" target=\"_blank\" rel=\"noopener\">Moje ima\u0161 srce<\/a><br \/>\nSVET:\u00a0<a href=\"https:\/\/www.youtube.com\/watch?v=ugMi9gbAkRY\" target=\"_blank\" rel=\"noopener\">Kli\u010dem, svet si<\/a>\u00a0\/ Blagoslovljen \/ Poj hozana<br \/>\nJAGNJE BO\u017dJE<br \/>\nOBHAJILO:\u00a0<a href=\"https:\/\/www.youtube.com\/watch?v=BMts20rDNf4&amp;ab_channel=ZborMPP\" target=\"_blank\" rel=\"noopener\">Jezus, ti si<\/a>;\u00a0<a href=\"https:\/\/www.youtube.com\/watch?v=SR76swbxb2s\" target=\"_blank\" rel=\"noopener\">Ostani<\/a>;\u00a0<a href=\"https:\/\/www.youtube.com\/watch?v=bBYo8xJI9vA&amp;ab_channel=%C5%BDupnijaLjubljanaDravlje\" target=\"_blank\" rel=\"noopener\">Velik si, Bog<\/a>; <a href=\"https:\/\/www.youtube.com\/watch?v=LLc0YfHsMi8&amp;ab_channel=Dominik%C5%A0tefan\" target=\"_blank\" rel=\"noopener\">Srce slavljenja<\/a><br \/>\nKONEC:\u00a0<a href=\"https:\/\/www.youtube.com\/watch?v=fZOd3Y82Rs0&amp;ab_channel=Bla%C5%BEHorvat\" target=\"_blank\" rel=\"noopener\">Peter Skala (Jezus ljubil je apostole)<\/a><\/p>\n<ol>\n<li><a href=\"https:\/\/www.youtube.com\/watch?v=84a0LIquEhs&amp;ab_channel=gsedej\" target=\"_blank\" rel=\"noopener\">Ogenj, ki \u017ege<\/a><\/li>\n<li><a href=\"https:\/\/www.youtube.com\/watch?v=9mcvI9pn2As&amp;ab_channel=RadioOgnji%C5%A1%C4%8De\" target=\"_blank\" rel=\"noopener\">Pojte z menoj<\/a><\/li>\n<li><a href=\"https:\/\/www.youtube.com\/watch?v=IeXKhU1pDOc&amp;ab_channel=PrepihMedia\" target=\"_blank\" rel=\"noopener\">Lev in jagnje<\/a><\/li>\n<li><a href=\"https:\/\/www.youtube.com\/watch?v=ypQXXrHWI2s&amp;ab_channel=TheJasnaR\" target=\"_blank\" rel=\"noopener\">Vsi, ki ste \u017eejni<\/a><\/li>\n<li><a href=\"https:\/\/www.youtube.com\/watch?v=HlmrO7mqYUs&amp;ab_channel=VokalnaSkupinaGloria\" target=\"_blank\" rel=\"noopener\">Dal si \u010disto mi srce<\/a><\/li>\n<li><a href=\"https:\/\/www.youtube.com\/watch?v=ieemoYb0apI&amp;ab_channel=Svetnik-Topic\" target=\"_blank\" rel=\"noopener\">\u0160\u010dit in me\u010d<\/a><\/li>\n<li><a href=\"https:\/\/www.youtube.com\/watch?v=-PyWXzChnL4&amp;ab_channel=Mladinskipevskizbor%C5%A0turje\" target=\"_blank\" rel=\"noopener\">Res velik si, Bog<\/a><\/li>\n<li><a href=\"https:\/\/www.youtube.com\/watch?v=L_kES_dTAjg&amp;ab_channel=simonacernetic\" target=\"_blank\" rel=\"noopener\">Jezus se ob morju ustavi<\/a><\/li>\n<li><a href=\"https:\/\/www.youtube.com\/watch?v=9MCAHJNae1w&amp;ab_channel=Svetopisemskadru%C5%BEbaSlovenije\" target=\"_blank\" rel=\"noopener\">Upaj (Ps 27)<\/a><\/li>\n<li><a href=\"https:\/\/www.youtube.com\/watch?v=RwNY4Qk1uq8&amp;ab_channel=IstokSe%C4%8Dki\" target=\"_blank\" rel=\"noopener\">Moje ima\u0161 srce<\/a><\/li>\n<li><a href=\"https:\/\/www.youtube.com\/watch?v=BMts20rDNf4&amp;ab_channel=ZborMPP\" target=\"_blank\" rel=\"noopener\">Jezus, ti si<\/a><\/li>\n<li><a href=\"https:\/\/www.youtube.com\/watch?v=SR76swbxb2s&amp;ab_channel=PrepihMedia\" target=\"_blank\" rel=\"noopener\">Ostani<\/a><\/li>\n<li><a href=\"https:\/\/www.youtube.com\/watch?v=bBYo8xJI9vA&amp;ab_channel=%C5%BDupnijaLjubljanaDravlje\" target=\"_blank\" rel=\"noopener\">Velik si, Bog<\/a><\/li>\n<li><a href=\"https:\/\/www.youtube.com\/watch?v=LLc0YfHsMi8&amp;ab_channel=Dominik%C5%A0tefan\" target=\"_blank\" rel=\"noopener\">Srce slavljenja<\/a><\/li>\n<li><a href=\"https:\/\/www.youtube.com\/watch?v=fZOd3Y82Rs0&amp;ab_channel=Bla%C5%BEHorvat\" target=\"_blank\" rel=\"noopener\">Peter Skala (Jezus ljubil je apostole)<\/a><\/li>\n<\/ol>\n<p>\u0160e nekaj pesemskega arhiva:<br \/>\n1. <strong>Ti si ob meni<\/strong> (<a href=\"https:\/\/www.youtube.com\/watch?v=l76kcY95XtQ\" target=\"_blank\" rel=\"noopener noreferrer\">https:\/\/www.youtube.com\/watch?v=l76kcY95XtQ<\/a>)<br \/>\n2. <strong>\u017divljenje v tebi &#8211; Daj Gospod naj tvoj glas me prebudi<\/strong><br \/>\n3. <strong>\u0160\u010dit in me\u010d<\/strong><br \/>\n4. <strong>Pridi Sveti Duh<\/strong><br \/>\n5. <strong>Peter skala<\/strong><br \/>\n6. <strong>Mladost ve\u010d kot norost<\/strong> (<a href=\"https:\/\/www.youtube.com\/watch?v=g9ux53_aaHI\" target=\"_blank\" rel=\"noopener noreferrer\">https:\/\/www.youtube.com\/watch?v=g9ux53_aaHI<\/a>)<br \/>\n7. <strong>Na\u0161 Bog je mogo\u010den Bog<\/strong> (<a href=\"https:\/\/www.youtube.com\/watch?v=RMy2BjiUqDA\" target=\"_blank\" rel=\"noopener noreferrer\">https:\/\/www.youtube.com\/watch?v=RMy2BjiUqDA<\/a>)<br \/>\n8. <strong>Preklopi sanje na dejanje<\/strong><br \/>\n9. <strong>Pojte z menoj Gospodu vsi<\/strong> (<a href=\"https:\/\/www.youtube.com\/watch?v=9mcvI9pn2As\" target=\"_blank\" rel=\"noopener noreferrer\">https:\/\/www.youtube.com\/watch?v=9mcvI9pn2As<\/a>)<br \/>\n10. <strong>Na tvojo besedo<\/strong> (<a href=\"https:\/\/www.youtube.com\/watch?v=Ryc6qLQFO1Q\" target=\"_blank\" rel=\"noopener noreferrer\">https:\/\/www.youtube.com\/watch?v=Ryc6qLQFO1Q<\/a>)<br \/>\n11. <strong>Glej te o\u010dke<\/strong> (<a href=\"https:\/\/www.youtube.com\/watch?v=uOo2jtXHLzU\" target=\"_blank\" rel=\"noopener noreferrer\">https:\/\/www.youtube.com\/watch?v=uOo2jtXHLzU<\/a>)<br \/>\n12. <strong>Pridi, Sveti Duh<\/strong> (<a href=\"https:\/\/www.youtube.com\/watch?v=HUHO07LEnQ8\" target=\"_blank\" rel=\"noopener noreferrer\">https:\/\/www.youtube.com\/watch?v=HUHO07LEnQ8<\/a>)<br \/>\n13. <strong>Pri\u010deval ljubezen bom<\/strong> (<a href=\"https:\/\/www.youtube.com\/watch?v=KrcY3fn2ZUo\" target=\"_blank\" rel=\"noopener noreferrer\">https:\/\/www.youtube.com\/watch?v=KrcY3fn2ZUo<\/a>)<br \/>\n14. <strong>Lu\u010d si za svet<\/strong> (<a href=\"https:\/\/www.youtube.com\/watch?v=XtKIYSshjg4\" target=\"_blank\" rel=\"noopener noreferrer\">https:\/\/www.youtube.com\/watch?v=XtKIYSshjg4<\/a>)<br \/>\n15. <strong>Povzdigujem tvoje ime<\/strong> (<a href=\"https:\/\/www.youtube.com\/watch?v=e2k1dOmXJQo\" target=\"_blank\" rel=\"noopener noreferrer\">https:\/\/www.youtube.com\/watch?v=e2k1dOmXJQo<\/a>)<br \/>\n16. <strong>Svetel plamen<\/strong> (<a href=\"https:\/\/www.youtube.com\/watch?v=HuG4pBrLf6o\" target=\"_blank\" rel=\"noopener noreferrer\">https:\/\/www.youtube.com\/watch?v=HuG4pBrLf6o<\/a>)<br \/>\n17. <strong>Kli\u010dem: &#8220;Svet si!&#8221;<\/strong> (<a href=\"https:\/\/www.youtube.com\/watch?v=ugMi9gbAkRY\" target=\"_blank\" rel=\"noopener noreferrer\">https:\/\/www.youtube.com\/watch?v=ugMi9gbAkRY<\/a>)<br \/>\n18. <strong>Darujemo ti<\/strong> (<a href=\"https:\/\/www.youtube.com\/watch?v=5UBhZpGBEe8\" target=\"_blank\" rel=\"noopener noreferrer\">https:\/\/www.youtube.com\/watch?v=5UBhZpGBEe8<\/a>)<br \/>\n19. <strong>Tvoja je ljubezen<\/strong><br \/>\n20. <strong>Dajte Gospodu \u010dast<\/strong> (<a href=\"https:\/\/www.youtube.com\/watch?v=DSzRHNNd_6Q\" target=\"_blank\" rel=\"noopener noreferrer\">https:\/\/www.youtube.com\/watch?v=DSzRHNNd_6Q<\/a>)<br \/>\n21. <strong>Zdaj sem tu, moj Bog<\/strong> (<a href=\"https:\/\/www.youtube.com\/watch?v=LBEvzWDbRWs\" target=\"_blank\" rel=\"noopener noreferrer\">https:\/\/www.youtube.com\/watch?v=LBEvzWDbRWs<\/a>)<br \/>\n22. <strong>O Gospod, studenec vse dobrote<\/strong><br \/>\n23. <strong>V tvojo smer<\/strong><br \/>\n24. <strong>Novo \u017eivljenje<\/strong><br \/>\n25. <strong>Na tvojo besedo<\/strong> (<a href=\"https:\/\/www.youtube.com\/watch?v=Ryc6qLQFO1Q\" target=\"_blank\" rel=\"noopener noreferrer\">https:\/\/www.youtube.com\/watch?v=Ryc6qLQFO1Q<\/a>)<br \/>\n26. <strong>\u010cas<\/strong><\/p>\n","protected":false},"excerpt":{"rendered":"<p>PESMI na Birmanec.si 2023 Pri sv. ma\u0161i bomo peli: VSTOP:\u00a0Jezus se ob morju ustavi GOSPOD, USMILI SE PSALM: Upaj (Ps 27) ALELUJA:\u00a0Jezus Kristus je na\u0161 Re\u0161enik DAROVANJE:\u00a0Moje ima\u0161 srce SVET:\u00a0Kli\u010dem, svet si\u00a0\/ Blagoslovljen \/ Poj hozana JAGNJE BO\u017dJE OBHAJILO:\u00a0Jezus, ti si;\u00a0Ostani;\u00a0Velik si, Bog; Srce slavljenja KONEC:\u00a0Peter Skala (Jezus ljubil je apostole) Ogenj, ki \u017ege Pojte &hellip; <\/p>\n","protected":false},"author":1,"featured_media":0,"parent":12,"menu_order":0,"comment_status":"closed","ping_status":"closed","template":"","meta":{"footnotes":""},"class_list":["post-52","page","type-page","status-publish","hentry","latest_post"],"_links":{"self":[{"href":"https:\/\/mladikat.rkc.si\/birmanec\/wp-json\/wp\/v2\/pages\/52","targetHints":{"allow":["GET"]}}],"collection":[{"href":"https:\/\/mladikat.rkc.si\/birmanec\/wp-json\/wp\/v2\/pages"}],"about":[{"href":"https:\/\/mladikat.rkc.si\/birmanec\/wp-json\/wp\/v2\/types\/page"}],"author":[{"embeddable":true,"href":"https:\/\/mladikat.rkc.si\/birmanec\/wp-json\/wp\/v2\/users\/1"}],"replies":[{"embeddable":true,"href":"https:\/\/mladikat.rkc.si\/birmanec\/wp-json\/wp\/v2\/comments?post=52"}],"version-history":[{"count":16,"href":"https:\/\/mladikat.rkc.si\/birmanec\/wp-json\/wp\/v2\/pages\/52\/revisions"}],"predecessor-version":[{"id":683,"href":"https:\/\/mladikat.rkc.si\/birmanec\/wp-json\/wp\/v2\/pages\/52\/revisions\/683"}],"up":[{"embeddable":true,"href":"https:\/\/mladikat.rkc.si\/birmanec\/wp-json\/wp\/v2\/pages\/12"}],"wp:attachment":[{"href":"https:\/\/mladikat.rkc.si\/birmanec\/wp-json\/wp\/v2\/media?parent=52"}],"curies":[{"name":"wp","href":"https:\/\/api.w.org\/{rel}","templated":true}]}}