{"id":560,"date":"2022-09-28T19:46:48","date_gmt":"2022-09-28T17:46:48","guid":{"rendered":"https:\/\/mladikat.si\/birmanec\/?page_id=560"},"modified":"2023-10-23T16:26:44","modified_gmt":"2023-10-23T14:26:44","slug":"program","status":"publish","type":"page","link":"https:\/\/mladikat.rkc.si\/birmanec\/birmanski-dan\/program\/","title":{"rendered":"PROGRAM"},"content":{"rendered":"<p><img loading=\"lazy\" decoding=\"async\" src=\"http:\/\/mladikat.si\/birmanec\/wp-content\/uploads\/2019\/09\/birmanec-si-177x300.jpg\" alt=\"\" width=\"177\" height=\"300\" class=\"alignright size-medium wp-image-14\" \/>Sre\u010danje birmancev iz <a href=\"http:\/\/www.nadskofija-maribor.si\" target=\"_blank\" rel=\"noopener noreferrer\">nad\u0161kofije Maribor<\/a> bo potekalo v <strong>soboto, 25. novembra 2023<\/strong>.<\/p>\n<p><strong>PROGRAM<\/strong><br \/>\n<strong>9.00<\/strong>\tSprejem birmanskih skupin, fotografiranje<br \/>\n<strong>9.30<\/strong>\tGlasba in pozdravi<br \/>\n<strong>10.10<\/strong>\tPriprava na sveto ma\u0161o<br \/>\n<strong>10.30<\/strong>\tSveta ma\u0161a<br \/>\n<strong>11.30<\/strong>\tMalica iz nahrbtnika<br \/>\n<strong>12.15<\/strong>\tZbiranje v \u0161portni dvorani in delitev v delavnice<br \/>\n<strong>12.30<\/strong>\tPrvi krog delavnic<br \/>\n<strong>13.15<\/strong>\tRazporeditev v drugi krog delavnic<br \/>\n<strong>13.30<\/strong>\tDrugi krog delavnic<br \/>\n<strong>14.15<\/strong> \tZbiranje v \u0161portni dvorani<br \/>\n<strong>14.30<\/strong>\tZahvala nad\u0161kofa in blagoslov ter odhod domov<\/p>\n<hr>\n<p>Prispevek za sre\u010danje je 8\u20ac.<\/p>\n","protected":false},"excerpt":{"rendered":"<p>Sre\u010danje birmancev iz nad\u0161kofije Maribor bo potekalo v soboto, 25. novembra 2023. PROGRAM 9.00 Sprejem birmanskih skupin, fotografiranje 9.30 Glasba in pozdravi 10.10 Priprava na sveto ma\u0161o 10.30 Sveta ma\u0161a 11.30 Malica iz nahrbtnika 12.15 Zbiranje v \u0161portni dvorani in delitev v delavnice 12.30 Prvi krog delavnic 13.15 Razporeditev v drugi krog delavnic 13.30 Drugi &hellip; <\/p>\n","protected":false},"author":1,"featured_media":0,"parent":12,"menu_order":0,"comment_status":"closed","ping_status":"closed","template":"","meta":{"footnotes":""},"class_list":["post-560","page","type-page","status-publish","hentry","latest_post"],"_links":{"self":[{"href":"https:\/\/mladikat.rkc.si\/birmanec\/wp-json\/wp\/v2\/pages\/560","targetHints":{"allow":["GET"]}}],"collection":[{"href":"https:\/\/mladikat.rkc.si\/birmanec\/wp-json\/wp\/v2\/pages"}],"about":[{"href":"https:\/\/mladikat.rkc.si\/birmanec\/wp-json\/wp\/v2\/types\/page"}],"author":[{"embeddable":true,"href":"https:\/\/mladikat.rkc.si\/birmanec\/wp-json\/wp\/v2\/users\/1"}],"replies":[{"embeddable":true,"href":"https:\/\/mladikat.rkc.si\/birmanec\/wp-json\/wp\/v2\/comments?post=560"}],"version-history":[{"count":3,"href":"https:\/\/mladikat.rkc.si\/birmanec\/wp-json\/wp\/v2\/pages\/560\/revisions"}],"predecessor-version":[{"id":655,"href":"https:\/\/mladikat.rkc.si\/birmanec\/wp-json\/wp\/v2\/pages\/560\/revisions\/655"}],"up":[{"embeddable":true,"href":"https:\/\/mladikat.rkc.si\/birmanec\/wp-json\/wp\/v2\/pages\/12"}],"wp:attachment":[{"href":"https:\/\/mladikat.rkc.si\/birmanec\/wp-json\/wp\/v2\/media?parent=560"}],"curies":[{"name":"wp","href":"https:\/\/api.w.org\/{rel}","templated":true}]}}