{"id":601,"date":"2023-08-31T16:36:20","date_gmt":"2023-08-31T14:36:20","guid":{"rendered":"https:\/\/mladikat.si\/birmanec\/?page_id=601"},"modified":"2024-03-14T21:03:51","modified_gmt":"2024-03-14T20:03:51","slug":"botri","status":"publish","type":"page","link":"https:\/\/mladikat.rkc.si\/birmanec\/botri\/","title":{"rendered":"Botri"},"content":{"rendered":"<blockquote><p>\u00bbZa kristjana naklju\u010dja v strogem smislu ne obstajajo. Na delu je bil skrivni Ceremoniar. Kristus, ki je rekel u\u010dencem: &#8216;Niste vi mene izvolili, ampak sem jaz vas izvolil in vas postavil,&#8217; lahko res re\u010de katerikoli skupini kr\u0161\u010danskih prijateljev: &#8216;Niste si izbrali drug drugega, ampak sem vas jaz izbral drug za drugega.&#8217;\u00ab (C.S. Lewis)<\/p><\/blockquote>\n<p><strong>Drage birmanske botre in botri!<\/strong><\/p>\n<p>\u010ce brskate po tej spletni strani, pomeni, da ste med tistimi nekaj sre\u010dne\u017ei, ki ste dobili \u010dast in dol\u017enost opravljati slu\u017ebo birmanskega botra.<\/p>\n<p>Morda slu\u017ebo botra odpravljate \u017ee od krsta najprej, morda ste v to poslanstvo vstopili \u010disto na novo. Tako tisti z nekoliko dalj\u0161o \u00bbdelovno dobo\u00ab, kakor tisti, ki boste \u0161ele za\u010deli, ste povabljeni, da svoje poslanstvo opravljate z molitvijo in zglednim zakramentalnim \u017eivljenjem.<\/p>\n<p>Tudi letos bomo v postnem \u010dasu pripravili sre\u010danje za botre, s katerim vas \u017eelimo utrditi v va\u0161i poklicanosti botrstva. Vsako leto vas na tem sre\u010danju poleg nad\u0161kofa nagovori \u0161e pri\u010devalec, ki slu\u017ebo botra \u017ee nekaj \u010dasa opravlja in pove, kaj pomeni biti boter. Prav tako pa boste na sre\u010danju izvedeli, kaj mladi od vas pri\u010dakujejo.<\/p>\n<p><a href=\"https:\/\/mladikat.si\/birmanec\/srecanje-za-birmanske-botre-2024\/\"><strong>Sre\u010danje bo potekalo v \u010detrtek, 14. marca, ob 20.00 po Zoom-u in bo neposredno prena\u0161ano preko kanala YouTube >>>.<\/strong><\/a><br \/>\n<iframe loading=\"lazy\" title=\"Sre\u010danje za birmanske botre 2024\" width=\"790\" height=\"444\" src=\"https:\/\/www.youtube.com\/embed\/xv-YPGCX7nc?feature=oembed\" frameborder=\"0\" allow=\"accelerometer; autoplay; clipboard-write; encrypted-media; gyroscope; picture-in-picture; web-share\" allowfullscreen><\/iframe><\/p>\n","protected":false},"excerpt":{"rendered":"<p>\u00bbZa kristjana naklju\u010dja v strogem smislu ne obstajajo. Na delu je bil skrivni Ceremoniar. Kristus, ki je rekel u\u010dencem: &#8216;Niste vi mene izvolili, ampak sem jaz vas izvolil in vas postavil,&#8217; lahko res re\u010de katerikoli skupini kr\u0161\u010danskih prijateljev: &#8216;Niste si izbrali drug drugega, ampak sem vas jaz izbral drug za drugega.&#8217;\u00ab (C.S. Lewis) Drage birmanske &hellip; <\/p>\n","protected":false},"author":1,"featured_media":86,"parent":0,"menu_order":0,"comment_status":"closed","ping_status":"closed","template":"","meta":{"footnotes":""},"class_list":["post-601","page","type-page","status-publish","has-post-thumbnail","hentry","latest_post"],"_links":{"self":[{"href":"https:\/\/mladikat.rkc.si\/birmanec\/wp-json\/wp\/v2\/pages\/601","targetHints":{"allow":["GET"]}}],"collection":[{"href":"https:\/\/mladikat.rkc.si\/birmanec\/wp-json\/wp\/v2\/pages"}],"about":[{"href":"https:\/\/mladikat.rkc.si\/birmanec\/wp-json\/wp\/v2\/types\/page"}],"author":[{"embeddable":true,"href":"https:\/\/mladikat.rkc.si\/birmanec\/wp-json\/wp\/v2\/users\/1"}],"replies":[{"embeddable":true,"href":"https:\/\/mladikat.rkc.si\/birmanec\/wp-json\/wp\/v2\/comments?post=601"}],"version-history":[{"count":5,"href":"https:\/\/mladikat.rkc.si\/birmanec\/wp-json\/wp\/v2\/pages\/601\/revisions"}],"predecessor-version":[{"id":705,"href":"https:\/\/mladikat.rkc.si\/birmanec\/wp-json\/wp\/v2\/pages\/601\/revisions\/705"}],"wp:featuredmedia":[{"embeddable":true,"href":"https:\/\/mladikat.rkc.si\/birmanec\/wp-json\/wp\/v2\/media\/86"}],"wp:attachment":[{"href":"https:\/\/mladikat.rkc.si\/birmanec\/wp-json\/wp\/v2\/media?parent=601"}],"curies":[{"name":"wp","href":"https:\/\/api.w.org\/{rel}","templated":true}]}}