{"id":616,"date":"2023-09-04T17:39:52","date_gmt":"2023-09-04T15:39:52","guid":{"rendered":"https:\/\/mladikat.si\/birmanec\/?page_id=616"},"modified":"2023-09-04T17:40:09","modified_gmt":"2023-09-04T15:40:09","slug":"birmanski-tabor","status":"publish","type":"page","link":"https:\/\/mladikat.rkc.si\/birmanec\/birmanski-tabor\/","title":{"rendered":"Birmanski tabor"},"content":{"rendered":"<p>\u0160e ne ve\u0161, kaj bo\u0161 po\u010del od 19. do 22. avgusta 2024?<\/p>\n<p>Pridi na birmanski tabor!<\/p>\n<p><img loading=\"lazy\" decoding=\"async\" src=\"https:\/\/mladikat.si\/birmanec\/wp-content\/uploads\/2023\/09\/kristjan.jpg\" alt=\"\" width=\"662\" height=\"945\" class=\"aligncenter size-full wp-image-618\" srcset=\"https:\/\/mladikat.rkc.si\/birmanec\/wp-content\/uploads\/2023\/09\/kristjan.jpg 662w, https:\/\/mladikat.rkc.si\/birmanec\/wp-content\/uploads\/2023\/09\/kristjan-210x300.jpg 210w, https:\/\/mladikat.rkc.si\/birmanec\/wp-content\/uploads\/2023\/09\/kristjan-42x60.jpg 42w\" sizes=\"auto, (max-width: 662px) 100vw, 662px\" \/><\/p>\n","protected":false},"excerpt":{"rendered":"<p>\u0160e ne ve\u0161, kaj bo\u0161 po\u010del od 19. do 22. avgusta 2024? Pridi na birmanski tabor!<\/p>\n","protected":false},"author":1,"featured_media":0,"parent":0,"menu_order":0,"comment_status":"closed","ping_status":"closed","template":"","meta":{"footnotes":""},"class_list":["post-616","page","type-page","status-publish","hentry","latest_post"],"_links":{"self":[{"href":"https:\/\/mladikat.rkc.si\/birmanec\/wp-json\/wp\/v2\/pages\/616","targetHints":{"allow":["GET"]}}],"collection":[{"href":"https:\/\/mladikat.rkc.si\/birmanec\/wp-json\/wp\/v2\/pages"}],"about":[{"href":"https:\/\/mladikat.rkc.si\/birmanec\/wp-json\/wp\/v2\/types\/page"}],"author":[{"embeddable":true,"href":"https:\/\/mladikat.rkc.si\/birmanec\/wp-json\/wp\/v2\/users\/1"}],"replies":[{"embeddable":true,"href":"https:\/\/mladikat.rkc.si\/birmanec\/wp-json\/wp\/v2\/comments?post=616"}],"version-history":[{"count":1,"href":"https:\/\/mladikat.rkc.si\/birmanec\/wp-json\/wp\/v2\/pages\/616\/revisions"}],"predecessor-version":[{"id":619,"href":"https:\/\/mladikat.rkc.si\/birmanec\/wp-json\/wp\/v2\/pages\/616\/revisions\/619"}],"wp:attachment":[{"href":"https:\/\/mladikat.rkc.si\/birmanec\/wp-json\/wp\/v2\/media?parent=616"}],"curies":[{"name":"wp","href":"https:\/\/api.w.org\/{rel}","templated":true}]}}