{"id":8,"date":"2019-09-15T15:44:58","date_gmt":"2019-09-15T13:44:58","guid":{"rendered":"http:\/\/mladikat.si\/birmanec\/?page_id=8"},"modified":"2025-03-27T18:34:26","modified_gmt":"2025-03-27T17:34:26","slug":"domov","status":"publish","type":"page","link":"https:\/\/mladikat.rkc.si\/birmanec\/","title":{"rendered":"Domov"},"content":{"rendered":"<p><img loading=\"lazy\" decoding=\"async\" src=\"https:\/\/mladikat.si\/birmanec\/wp-content\/uploads\/2019\/09\/birmanec-si-177x300.jpg\" alt=\"\" width=\"177\" height=\"300\" class=\"alignright size-medium wp-image-14\" \/><br \/>\nDragi sobratje duhovniki, katehistinje in katehisti ter voditelji birmanskih skupin!<\/p>\n<p>Stopili smo v novo pastoralno in katehetsko leto, s tem pa nekateri tudi v neposredno pripravo na birmo. V na\u0161i nad\u0161kofiji je postal tradicionalen <a href=\"https:\/\/mladikat.si\/birmanec\/?page_id=12\"><strong>\u00bbBIRMANSKI DAN\u00ab<\/strong><\/a>, ko se v mesecu novembru na Zavodu Antona Martina Slom\u0161ka v Mariboru sre\u010dam s skoraj vsemi pripravniki na birmo. Kljub temu, da po \u017eupnijah s pripravo za\u010dnete \u017ee v mesecu septembru, velja ta dan za neke vrste za\u010detek neposredne priprave na sveto birmo. Tudi zame je ta dan nekaj posebnega, kajti daje mi prilo\u017enost, da se lahko osebno sre\u010dam s kandidati in kot birmovalec skupaj z njimi vstopam v njihovo pripravo na prejem zakramenta.<\/p>\n<p>Ekipa Birmanec.si, ki na\u010drtuje in koordinira birmanski dan in druge dogodke v pripravi na birmo, je \u017ee pripravila okvirni program, ki ga najdete na spletni strani Birmanec.si. Ta skupni del vam \u017eeli biti najprej opora in pomo\u010d. Pripravnike na birmo pa \u017eelimo na ta na\u010din \u0161e dodatno spodbuditi in jim biti \u0161e v dodatno oporo na poti priprave. Ob sre\u010danjih z birmanci pred sveto birmo mi mladi povedo, da jim je to skupno sre\u010danje dragoceno in ga radi omenjajo v birmanskih pismih in pogovorih pred birmo.<\/p>\n<p>V letu 2024\/25 ne bo birmanskega dne, ker se je poru\u0161ila streha \u0161portne dvorane na Vrbanski cesti.<\/p>\n<p>msgr. Alojzij Cvikl DJ<br \/>\nnad\u0161kof metropolit<\/p>\n","protected":false},"excerpt":{"rendered":"<p>Dragi sobratje duhovniki, katehistinje in katehisti ter voditelji birmanskih skupin! Stopili smo v novo pastoralno in katehetsko leto, s tem pa nekateri tudi v neposredno pripravo na birmo. V na\u0161i nad\u0161kofiji je postal tradicionalen \u00bbBIRMANSKI DAN\u00ab, ko se v mesecu novembru na Zavodu Antona Martina Slom\u0161ka v Mariboru sre\u010dam s skoraj vsemi pripravniki na birmo. &hellip; <\/p>\n","protected":false},"author":1,"featured_media":75,"parent":0,"menu_order":0,"comment_status":"closed","ping_status":"closed","template":"","meta":{"footnotes":""},"class_list":["post-8","page","type-page","status-publish","has-post-thumbnail","hentry","latest_post"],"_links":{"self":[{"href":"https:\/\/mladikat.rkc.si\/birmanec\/wp-json\/wp\/v2\/pages\/8","targetHints":{"allow":["GET"]}}],"collection":[{"href":"https:\/\/mladikat.rkc.si\/birmanec\/wp-json\/wp\/v2\/pages"}],"about":[{"href":"https:\/\/mladikat.rkc.si\/birmanec\/wp-json\/wp\/v2\/types\/page"}],"author":[{"embeddable":true,"href":"https:\/\/mladikat.rkc.si\/birmanec\/wp-json\/wp\/v2\/users\/1"}],"replies":[{"embeddable":true,"href":"https:\/\/mladikat.rkc.si\/birmanec\/wp-json\/wp\/v2\/comments?post=8"}],"version-history":[{"count":63,"href":"https:\/\/mladikat.rkc.si\/birmanec\/wp-json\/wp\/v2\/pages\/8\/revisions"}],"predecessor-version":[{"id":712,"href":"https:\/\/mladikat.rkc.si\/birmanec\/wp-json\/wp\/v2\/pages\/8\/revisions\/712"}],"wp:featuredmedia":[{"embeddable":true,"href":"https:\/\/mladikat.rkc.si\/birmanec\/wp-json\/wp\/v2\/media\/75"}],"wp:attachment":[{"href":"https:\/\/mladikat.rkc.si\/birmanec\/wp-json\/wp\/v2\/media?parent=8"}],"curies":[{"name":"wp","href":"https:\/\/api.w.org\/{rel}","templated":true}]}}